{"id":464,"date":"2020-07-07T17:13:21","date_gmt":"2020-07-07T17:13:21","guid":{"rendered":"https:\/\/xn--konyhaszerels-mhb.hu\/?page_id=464"},"modified":"2024-04-12T08:18:14","modified_gmt":"2024-04-12T08:18:14","slug":"araink","status":"publish","type":"page","link":"https:\/\/xn--konyhaszerels-mhb.hu\/?page_id=464","title":{"rendered":"\u00c1raink"},"content":{"rendered":"\t\t<div data-elementor-type=\"wp-page\" data-elementor-id=\"464\" class=\"elementor elementor-464\" data-elementor-post-type=\"page\">\n\t\t\t\t\t\t<section class=\"elementor-section elementor-top-section elementor-element elementor-element-4f110ed elementor-section-full_width elementor-section-height-default elementor-section-height-default\" data-id=\"4f110ed\" data-element_type=\"section\">\n\t\t\t\t\t\t<div class=\"elementor-container elementor-column-gap-default\">\n\t\t\t\t\t<div class=\"elementor-column elementor-col-100 elementor-top-column elementor-element elementor-element-b4c656e\" data-id=\"b4c656e\" data-element_type=\"column\">\n\t\t\t<div class=\"elementor-widget-wrap elementor-element-populated\">\n\t\t\t\t\t\t<div class=\"elementor-element elementor-element-b6ef049 elementor-widget elementor-widget-heading\" data-id=\"b6ef049\" data-element_type=\"widget\" data-widget_type=\"heading.default\">\n\t\t\t\t<div class=\"elementor-widget-container\">\n\t\t\t<h2 class=\"elementor-heading-title elementor-size-default\">Szolg\u00e1ltat\u00e1sok<\/h2>\t\t<\/div>\n\t\t\t\t<\/div>\n\t\t\t\t\t<\/div>\n\t\t<\/div>\n\t\t\t\t\t<\/div>\n\t\t<\/section>\n\t\t\t\t<section class=\"elementor-section elementor-top-section elementor-element elementor-element-9a23337 elementor-section-boxed elementor-section-height-default elementor-section-height-default\" data-id=\"9a23337\" data-element_type=\"section\">\n\t\t\t\t\t\t<div class=\"elementor-container elementor-column-gap-default\">\n\t\t\t\t\t<div class=\"elementor-column elementor-col-50 elementor-top-column elementor-element elementor-element-6efca21\" data-id=\"6efca21\" data-element_type=\"column\" data-settings=\"{&quot;background_background&quot;:&quot;classic&quot;}\">\n\t\t\t<div class=\"elementor-widget-wrap elementor-element-populated\">\n\t\t\t\t\t\t<div class=\"elementor-element elementor-element-fc02ea1 elementor-widget elementor-widget-image-box\" data-id=\"fc02ea1\" data-element_type=\"widget\" data-widget_type=\"image-box.default\">\n\t\t\t\t<div class=\"elementor-widget-container\">\n\t\t\t<div class=\"elementor-image-box-wrapper\"><div class=\"elementor-image-box-content\"><p class=\"elementor-image-box-title\">Kisz\u00e1ll\u00e1si d\u00edj<\/p><p class=\"elementor-image-box-description\">Budapesten bel\u00fcl 8.000,- <br>Pest megye 10.000,-<br>Budapesten k\u00edv\u00fcl megegyez\u00e9s szerint.<\/p><\/div><\/div>\t\t<\/div>\n\t\t\t\t<\/div>\n\t\t\t\t\t<\/div>\n\t\t<\/div>\n\t\t\t\t<div class=\"elementor-column elementor-col-50 elementor-top-column elementor-element elementor-element-8b11d63\" data-id=\"8b11d63\" data-element_type=\"column\" data-settings=\"{&quot;background_background&quot;:&quot;classic&quot;}\">\n\t\t\t<div class=\"elementor-widget-wrap elementor-element-populated\">\n\t\t\t\t\t\t<div class=\"elementor-element elementor-element-c84f097 elementor-widget elementor-widget-image-box\" data-id=\"c84f097\" data-element_type=\"widget\" data-widget_type=\"image-box.default\">\n\t\t\t\t<div class=\"elementor-widget-container\">\n\t\t\t<div class=\"elementor-image-box-wrapper\"><div class=\"elementor-image-box-content\"><h3 class=\"elementor-image-box-title\">El\u0151felm\u00e9r\u00e9s, terv ellen\u0151rz\u00e9s, L\u00e1tv\u00e1nyter k\u00e9sz\u00edt\u00e9se<\/h3><p class=\"elementor-image-box-description\">El\u0151felm\u00e9r\u00e9s, terv ellen\u0151rz\u00e9se: 5.000,-<br>L\u00e1tv\u00e1nyterv elk\u00e9sz\u00edt\u00e9se \u00e9s online rendel\u00e9s \u00f6sszek\u00e9sz\u00edt\u00e9se: 8.000<br><\/p><\/div><\/div>\t\t<\/div>\n\t\t\t\t<\/div>\n\t\t\t\t\t<\/div>\n\t\t<\/div>\n\t\t\t\t\t<\/div>\n\t\t<\/section>\n\t\t\t\t<section class=\"elementor-section elementor-top-section elementor-element elementor-element-ebd4ae2 elementor-section-boxed elementor-section-height-default elementor-section-height-default\" data-id=\"ebd4ae2\" data-element_type=\"section\">\n\t\t\t\t\t\t<div class=\"elementor-container elementor-column-gap-default\">\n\t\t\t\t\t<div class=\"elementor-column elementor-col-50 elementor-top-column elementor-element elementor-element-89bfb84\" data-id=\"89bfb84\" data-element_type=\"column\" data-settings=\"{&quot;background_background&quot;:&quot;classic&quot;}\">\n\t\t\t<div class=\"elementor-widget-wrap elementor-element-populated\">\n\t\t\t\t\t\t<div class=\"elementor-element elementor-element-07e8a6c elementor-widget elementor-widget-image-box\" data-id=\"07e8a6c\" data-element_type=\"widget\" data-widget_type=\"image-box.default\">\n\t\t\t\t<div class=\"elementor-widget-container\">\n\t\t\t<div class=\"elementor-image-box-wrapper\"><div class=\"elementor-image-box-content\"><p class=\"elementor-image-box-title\">Szoba,- irodab\u00fator<\/p><p class=\"elementor-image-box-description\">Term\u00e9kek \u00e1r\u00e1nak a 11%-a<br>Van p\u00e1r kiv\u00e9tel (pl.: kanap\u00e9, Besta, f\u00fcrd\u0151szoba b\u00fatorok)<\/p><\/div><\/div>\t\t<\/div>\n\t\t\t\t<\/div>\n\t\t\t\t\t<\/div>\n\t\t<\/div>\n\t\t\t\t<div class=\"elementor-column elementor-col-50 elementor-top-column elementor-element elementor-element-077cff1\" data-id=\"077cff1\" data-element_type=\"column\" data-settings=\"{&quot;background_background&quot;:&quot;classic&quot;}\">\n\t\t\t<div class=\"elementor-widget-wrap elementor-element-populated\">\n\t\t\t\t\t\t<div class=\"elementor-element elementor-element-e8ad05d elementor-widget elementor-widget-image-box\" data-id=\"e8ad05d\" data-element_type=\"widget\" data-widget_type=\"image-box.default\">\n\t\t\t\t<div class=\"elementor-widget-container\">\n\t\t\t<div class=\"elementor-image-box-wrapper\"><div class=\"elementor-image-box-content\"><h3 class=\"elementor-image-box-title\">Egy\u00e9b \u00f3rad\u00edjas szolg\u00e1ltat\u00e1s<\/h3><p class=\"elementor-image-box-description\">Pl.: jav\u00edt\u00e1sok, sz\u00e9tszerelel\u00e9sek, munkalapszerel\u00e9s (az \u00e1rban benne van az alap anyaghaszn\u00e1lat -pl: tipli, csavar, szilo- )<br>Ha egy ember el\u00e9g a szerel\u00e9shez 8.500,-\/ \u00f3ra<br>Ha ketten megy\u00fcnk ki 11.000,-\/ \u00f3ra<\/p><\/div><\/div>\t\t<\/div>\n\t\t\t\t<\/div>\n\t\t\t\t\t<\/div>\n\t\t<\/div>\n\t\t\t\t\t<\/div>\n\t\t<\/section>\n\t\t\t\t<section class=\"elementor-section elementor-top-section elementor-element elementor-element-6e8ebeb elementor-section-boxed elementor-section-height-default elementor-section-height-default\" data-id=\"6e8ebeb\" data-element_type=\"section\">\n\t\t\t\t\t\t<div class=\"elementor-container elementor-column-gap-default\">\n\t\t\t\t\t<div class=\"elementor-column elementor-col-50 elementor-top-column elementor-element elementor-element-ea41f74\" data-id=\"ea41f74\" data-element_type=\"column\" data-settings=\"{&quot;background_background&quot;:&quot;classic&quot;}\">\n\t\t\t<div class=\"elementor-widget-wrap elementor-element-populated\">\n\t\t\t\t\t\t<div class=\"elementor-element elementor-element-d4df48a elementor-widget elementor-widget-image-box\" data-id=\"d4df48a\" data-element_type=\"widget\" data-widget_type=\"image-box.default\">\n\t\t\t\t<div class=\"elementor-widget-container\">\n\t\t\t<div class=\"elementor-image-box-wrapper\"><div class=\"elementor-image-box-content\"><p class=\"elementor-image-box-title\">Konyhaszerel\u00e9s<\/p><p class=\"elementor-image-box-description\">Konyhaszerel\u00e9s \u00e1raj\u00e1nlathoz sz\u00fcks\u00e9gem van a l\u00e1tv\u00e1nytervre, amit az ikea tervez\u0151b\u0151l lehet let\u00f6lteni. (*Ennek hogyanj\u00e1r\u00f3l lentebb \u00edrok).<br>A let\u00f6lt\u00f6tt tervet az email c\u00edmemre k\u00fcldje el,(banki.zsolt42@gmail.com)  c\u00edm \u00e9s telefonsz\u00e1mmal egy\u00fctt.<\/p><\/div><\/div>\t\t<\/div>\n\t\t\t\t<\/div>\n\t\t\t\t\t<\/div>\n\t\t<\/div>\n\t\t\t\t<div class=\"elementor-column elementor-col-50 elementor-top-column elementor-element elementor-element-a944712\" data-id=\"a944712\" data-element_type=\"column\" data-settings=\"{&quot;background_background&quot;:&quot;classic&quot;}\">\n\t\t\t<div class=\"elementor-widget-wrap elementor-element-populated\">\n\t\t\t\t\t\t<div class=\"elementor-element elementor-element-88c581e elementor-widget elementor-widget-image-box\" data-id=\"88c581e\" data-element_type=\"widget\" data-widget_type=\"image-box.default\">\n\t\t\t\t<div class=\"elementor-widget-container\">\n\t\t\t<div class=\"elementor-image-box-wrapper\"><div class=\"elementor-image-box-content\"><h3 class=\"elementor-image-box-title\">Munkalap illeszt\u00e9sek<\/h3><p class=\"elementor-image-box-description\">Munkalapford\u00edt\u00f3 profillal - 2000,-<br>Mar\u00e1ssal - 10.000,-\/ db<\/p><\/div><\/div>\t\t<\/div>\n\t\t\t\t<\/div>\n\t\t\t\t\t<\/div>\n\t\t<\/div>\n\t\t\t\t\t<\/div>\n\t\t<\/section>\n\t\t\t\t<section class=\"elementor-section elementor-top-section elementor-element elementor-element-ecf77e2 elementor-section-boxed elementor-section-height-default elementor-section-height-default\" data-id=\"ecf77e2\" data-element_type=\"section\">\n\t\t\t\t\t\t<div class=\"elementor-container elementor-column-gap-default\">\n\t\t\t\t\t<div class=\"elementor-column elementor-col-100 elementor-top-column elementor-element elementor-element-267a2f1\" data-id=\"267a2f1\" data-element_type=\"column\">\n\t\t\t<div class=\"elementor-widget-wrap elementor-element-populated\">\n\t\t\t\t\t\t<div class=\"elementor-element elementor-element-57666b3 elementor-widget elementor-widget-text-editor\" data-id=\"57666b3\" data-element_type=\"widget\" data-widget_type=\"text-editor.default\">\n\t\t\t\t<div class=\"elementor-widget-container\">\n\t\t\t\t\t\t\t<p>A fenti \u00e1rak csak t\u00e1j\u00e9koztat\u00f3 jelleg\u0171ek, pontos \u00e1raj\u00e1nlathoz keressen meg emailen vagy telefonon.<\/p>\t\t\t\t\t\t<\/div>\n\t\t\t\t<\/div>\n\t\t\t\t<div class=\"elementor-element elementor-element-6bc25f3 elementor-widget elementor-widget-text-editor\" data-id=\"6bc25f3\" data-element_type=\"widget\" data-widget_type=\"text-editor.default\">\n\t\t\t\t<div class=\"elementor-widget-container\">\n\t\t\t\t\t\t\t<p><span style=\"font-family: 'Varela Round', sans-serif; font-size: 14px; font-style: normal; font-variant-ligatures: normal; font-variant-caps: normal; font-weight: 400; text-align: left; white-space: pre-wrap;\">*A terv megnyit\u00e1sa ut\u00e1n jobb oldalon a &#8222;k\u00f6vetkez\u0151 l\u00e9p\u00e9s&#8221; gombra kattintva megjelenik a nyomtat\u00e1si lehet\u0151s\u00e9g, megnyit\u00e1sa ut\u00e1n ki kell v\u00e1lasztani, hogy milyen n\u00e9zetre van sz\u00fcks\u00e9g (\u00f6sszes), majd a r\u00e9sz nyomtat\u00e1s gombra kattintani. Ezut\u00e1n megjelenik a nyomtat\u00e1s be\u00e1ll\u00edt\u00e1sai \u00e9s ott ki kell jel\u00f6lni c\u00e9lnek a &#8222;ment\u00e9s PDF-k\u00e9nt&#8221; (ha ott nincs ilyen akkor a tov\u00e1bbi be\u00e1l\u00edt\u00e1sokn\u00e1l lesz egy PDF n\u00e9zetbe val\u00f3 megnyit\u00e1s \u00e9s onnan le lehet t\u00f6lteni).<\/span><\/p>\t\t\t\t\t\t<\/div>\n\t\t\t\t<\/div>\n\t\t\t\t\t<\/div>\n\t\t<\/div>\n\t\t\t\t\t<\/div>\n\t\t<\/section>\n\t\t\t\t<\/div>\n\t\t","protected":false},"excerpt":{"rendered":"<p>Szolg\u00e1ltat\u00e1sok Kisz\u00e1ll\u00e1si d\u00edj Budapesten bel\u00fcl 8.000,- Pest megye 10.000,-Budapesten k\u00edv\u00fcl megegyez\u00e9s szerint. El\u0151felm\u00e9r\u00e9s, terv ellen\u0151rz\u00e9s, L\u00e1tv\u00e1nyter k\u00e9sz\u00edt\u00e9se El\u0151felm\u00e9r\u00e9s, terv ellen\u0151rz\u00e9se: 5.000,-L\u00e1tv\u00e1nyterv elk\u00e9sz\u00edt\u00e9se \u00e9s online rendel\u00e9s \u00f6sszek\u00e9sz\u00edt\u00e9se: 8.000 Szoba,- irodab\u00fator Term\u00e9kek \u00e1r\u00e1nak a 11%-aVan p\u00e1r kiv\u00e9tel (pl.: kanap\u00e9, Besta, f\u00fcrd\u0151szoba b\u00fatorok) Egy\u00e9b \u00f3rad\u00edjas szolg\u00e1ltat\u00e1s Pl.: jav\u00edt\u00e1sok, sz\u00e9tszerelel\u00e9sek, munkalapszerel\u00e9s (az \u00e1rban benne van az alap anyaghaszn\u00e1lat -pl: [&hellip;]<\/p>\n","protected":false},"author":1,"featured_media":0,"parent":0,"menu_order":0,"comment_status":"closed","ping_status":"closed","template":"elementor_header_footer","meta":{"footnotes":""},"class_list":["post-464","page","type-page","status-publish","hentry","entry"],"_links":{"self":[{"href":"https:\/\/xn--konyhaszerels-mhb.hu\/index.php?rest_route=\/wp\/v2\/pages\/464","targetHints":{"allow":["GET"]}}],"collection":[{"href":"https:\/\/xn--konyhaszerels-mhb.hu\/index.php?rest_route=\/wp\/v2\/pages"}],"about":[{"href":"https:\/\/xn--konyhaszerels-mhb.hu\/index.php?rest_route=\/wp\/v2\/types\/page"}],"author":[{"embeddable":true,"href":"https:\/\/xn--konyhaszerels-mhb.hu\/index.php?rest_route=\/wp\/v2\/users\/1"}],"replies":[{"embeddable":true,"href":"https:\/\/xn--konyhaszerels-mhb.hu\/index.php?rest_route=%2Fwp%2Fv2%2Fcomments&post=464"}],"version-history":[{"count":106,"href":"https:\/\/xn--konyhaszerels-mhb.hu\/index.php?rest_route=\/wp\/v2\/pages\/464\/revisions"}],"predecessor-version":[{"id":1656,"href":"https:\/\/xn--konyhaszerels-mhb.hu\/index.php?rest_route=\/wp\/v2\/pages\/464\/revisions\/1656"}],"wp:attachment":[{"href":"https:\/\/xn--konyhaszerels-mhb.hu\/index.php?rest_route=%2Fwp%2Fv2%2Fmedia&parent=464"}],"curies":[{"name":"wp","href":"https:\/\/api.w.org\/{rel}","templated":true}]}}