{"id":532,"date":"2020-07-07T19:53:30","date_gmt":"2020-07-07T19:53:30","guid":{"rendered":"https:\/\/xn--konyhaszerels-mhb.hu\/?page_id=532"},"modified":"2020-07-16T19:32:17","modified_gmt":"2020-07-16T19:32:17","slug":"adatvedelmi-nyilatkozat","status":"publish","type":"page","link":"https:\/\/xn--konyhaszerels-mhb.hu\/?page_id=532","title":{"rendered":"Adatv\u00e9delmi nyilatkozat"},"content":{"rendered":"\t\t<div data-elementor-type=\"wp-page\" data-elementor-id=\"532\" class=\"elementor elementor-532\" data-elementor-post-type=\"page\">\n\t\t\t\t\t\t<section class=\"elementor-section elementor-top-section elementor-element elementor-element-2b5ca6f5 elementor-section-boxed elementor-section-height-default elementor-section-height-default\" data-id=\"2b5ca6f5\" data-element_type=\"section\">\n\t\t\t\t\t\t<div class=\"elementor-container elementor-column-gap-default\">\n\t\t\t\t\t<div class=\"elementor-column elementor-col-100 elementor-top-column elementor-element elementor-element-67d5249a\" data-id=\"67d5249a\" data-element_type=\"column\">\n\t\t\t<div class=\"elementor-widget-wrap elementor-element-populated\">\n\t\t\t\t\t\t<div class=\"elementor-element elementor-element-6683d080 elementor-widget elementor-widget-heading\" data-id=\"6683d080\" data-element_type=\"widget\" data-widget_type=\"heading.default\">\n\t\t\t\t<div class=\"elementor-widget-container\">\n\t\t\t<h1 class=\"elementor-heading-title elementor-size-default\">ADATV\u00c9DELMI <br>NYILATKOZAT<\/h1>\t\t<\/div>\n\t\t\t\t<\/div>\n\t\t\t\t<div class=\"elementor-element elementor-element-2aa61dbd elementor-widget elementor-widget-text-editor\" data-id=\"2aa61dbd\" data-element_type=\"widget\" data-widget_type=\"text-editor.default\">\n\t\t\t\t<div class=\"elementor-widget-container\">\n\t\t\t\t\t\t\t<h1>1, BEVEZET\u0150<\/h1>\n<p>Sz\u00e1munkra nagyon fontos, hogy betartsuk az aktu\u00e1lisan \u00e9rv\u00e9nyes adatv\u00e9delmi szab\u00e1lyoz\u00e1st \u00e9s t\u00f6rv\u00e9nyeket, \u00edgy az al\u00e1bbiakban r\u00e9szletesen t\u00e1rgyaljuk\/bemutatjuk a&nbsp;<a href=\"https:\/\/xn--konyhaszerels-mhb.hu\/\">https:\/\/konyhaszerel\u00e9s.hu\/<\/a><b>&nbsp;\u00e9s B\u00e1nki Zsolt Ev.<\/b>&nbsp; adatv\u00e9delemre ir\u00e1nyul\u00f3 l\u00e9p\u00e9seit, \u00e9s az adatgy\u0171jt\u00e9ssel kapcsolatos folyamatait.<\/p>\n<p>Kapcsolati adatok:<\/p>\n<p><b>Teljes jogi n\u00e9v: B\u00e1nki Zsolt<\/b><\/p>\n<p><span style=\"font-size: 21px;\"><b>E-mail c\u00edm: banki.zsolt42@gmail.com<\/b><\/span><\/p>\n<p><b>Postai c\u00edm: 1054 Budapest Bank utca 5. f\u00e9l emelet 1<\/b><\/p>\n<h1>2, MILYEN SZEM\u00c9LYES ADATOKAT KEZEL\u00dcNK, \u00c9S MILYEN OKKAL?<\/h1>\n<p>A szem\u00e9lyes adatok azok, amik egy\u00e9rtelm\u0171en lehet\u0151v\u00e9 teszik egy egy\u00e9n pontos azonos\u00edt\u00e1s\u00e1t.<\/p>\n<p>Az XY oldalon az al\u00e1bbi szem\u00e9lyes adatokat kezelj\u00fck, a jogalap pontos megjel\u00f6l\u00e9s\u00e9vel:<\/p>\n<p><b>KOMMUNIK\u00c1CI\u00d3S ADATOK<\/b><br>Ide tartozik b\u00e1rmilyen \u00fczenet, amit a weboldalon kereszt\u00fcl, e-mailben, k\u00f6z\u00f6ss\u00e9gi m\u00e9dia \u00fczenetben, vagy b\u00e1rmilyen kommunik\u00e1ci\u00f3s form\u00e1ban juttatsz el hozz\u00e1nk.<\/p>\n<p>Ezeket az adatokat az\u00e9rt dolgozzuk fel \u00e9s tartjuk meg, hogy a szolg\u00e1ltat\u00e1st teljes\u00edteni tudjuk, \u00e9s hogy esetleges jogi ig\u00e9nyek eset\u00e9n d\u00f6nt\u00e9si alapot szolg\u00e1ltassanak.<\/p>\n<p>A jogalapunk ennek a feldolgoz\u00e1s\u00e1ra a felhaszn\u00e1l\u00f3 igazolhat\u00f3 \u00e9rdekl\u0151d\u00e9se a tev\u00e9kenys\u00e9g\u00fcnk fel\u00e9, ami megnyilv\u00e1nul a nek\u00fcnk c\u00edmzett \u00fczenetekben.<\/p>\n<p><b>\u00dcGYF\u00c9L SZEM\u00c9LYES ADATAI<\/b><\/p>\n<p><span style=\"font-size: 21px;\">Amibe beletartozik minden adat, ami a szolg\u00e1ltat\u00e1shoz sz\u00fcks\u00e9ges, mint p\u00e9ld\u00e1ul a v\u00e1s\u00e1rl\u00f3 neve, c\u00edme, e-mail c\u00edme, telefonsz\u00e1ma.<\/span><\/p>\n<p>Ezeket az adatokat a szolg\u00e1ltat\u00e1s sikeres teljes\u00edt\u00e9se \u00e9rdek\u00e9ben dolgozzuk fel, \u00e9s hogy jogilag megfelel\u0151 feljegyz\u00e9seink legyenek a szolg\u00e1ltat\u00e1sokr\u00f3l.<\/p>\n<p>Az adatok t\u00e1rol\u00e1s\u00e1nak jogalapja a szolg\u00e1ltat\u00e1ssal l\u00e9trej\u00f6v\u0151 szerz\u0151d\u00e9s az \u00fcgyf\u00e9l \u00e9s a <b>B\u00e1nki Zsolt Ev.<\/b>&nbsp;k\u00f6z\u00f6tt.<\/p>\n<p><\/p>\n<h1>3, HOGYAN GY\u0170JT\u00dcNK ADATOKAT?<\/h1>\n<p>Szem\u00e9lyes adatokat az \u00fcgyf\u00e9l direkten ad meg nek\u00fcnk (pl.: egy \u00e1raj\u00e1nlat k\u00e9r\u00e9ssel, vagy \u00fczenet k\u00fcld\u00e9ssel)<\/p>\n<h1>4, ADATKEZEL\u00c9S ID\u0150TARTAMA<\/h1>\n<p>A felhaszn\u00e1l\u00f3k adatait mindig csak addig t\u00e1roljuk, am\u00edg jogi\/k\u00f6nyvel\u00e9si\/adatszolg\u00e1ltat\u00e1si k\u00f6telezetts\u00e9geink azt k\u00f6telez\u0151v\u00e9 teszik, illetve a szolg\u00e1ltat\u00e1s m\u0171k\u00f6dtet\u00e9s\u00e9hez sz\u00fcks\u00e9ges.<\/p>\n<p>Amikor a t\u00e1rol\u00e1s id\u0151tartam\u00e1r\u00f3l d\u00f6nt\u00fcnk, figyelembe vessz\u00fck az adatok mennyis\u00e9g\u00e9t, jelleg\u00e9t \u00e9s \u00e9rz\u00e9kenys\u00e9g\u00e9t, \u00e9s a kisziv\u00e1rg\u00e1s\u00e1nak potenci\u00e1lis hat\u00e1s\u00e1t adatv\u00e9delmi incidens eset\u00e9n.<\/p>\n<p>Ad\u00f3z\u00e1si okokb\u00f3l sz\u00fcks\u00e9ges meg\u0151rizn\u00fcnk az \u00fcgyf\u00e9l sz\u00e1ml\u00e1z\u00e1si adatait legal\u00e1bb 8 \u00e9vig, hogy jogi k\u00f6telezetts\u00e9geinkenk eleget tegy\u00fcnk.<\/p>\n<h1>5, A L\u00c1TOGAT\u00d3 JOGAI<\/h1>\n<p>Az Eur\u00f3pai Uni\u00f3 \u00e1llampolg\u00e1rak\u00e9nt a General Data Protection Regulation (GDPR) elnevez\u00e9s\u0171 t\u00f6rv\u00e9ny a k\u00f6vetkez\u0151 jogokat biztos\u00edtja az oldal felhaszn\u00e1l\u00f3inak:<\/p>\n<p style=\"font-variant-ligatures: normal; font-variant-caps: normal; font-family: Roboto, sans-serif; font-size: 21px; font-style: normal; font-weight: 400;\">Adatig\u00e9nyl\u00e9s \/ Adatt\u00f6rl\u00e9s \/Adatkorl\u00e1toz\u00e1s<\/p>\n<p>a, Hozz\u00e1f\u00e9r\u00e9s a szem\u00e9lyes adatokhoz<\/p>\n<p>Az oldal felhaszn\u00e1l\u00f3inak jog\u00e1ban \u00e1ll k\u00e9rnie egy m\u00e1solatot a&nbsp;<span style=\"font-variant-ligatures: normal; font-variant-caps: normal; font-family: Roboto, sans-serif; font-size: 21px; font-style: normal; font-weight: bold;\">B\u00e1nki Zsolt Ev.<\/span>&nbsp;\u00e1ltal t\u00e1rolt szem\u00e9lyes adatokr\u00f3l. A k\u00e9r\u00e9s \u00e1ltal\u00e1nos esetben ingyenesen teljes\u00edt\u00e9sre ker\u00fcl, a k\u00e9rv\u00e9nyez\u00e9s ut\u00e1n 14 napon bel\u00fcl.<\/p>\n<p>Ism\u00e9telt, vissza\u00e9l\u00e9sszer\u0171, indok n\u00e9lk\u00fcli adatk\u00e9rv\u00e9nyez\u00e9s eset\u00e9n a&nbsp;<span style=\"font-variant-ligatures: normal; font-variant-caps: normal; font-family: Roboto, sans-serif; font-size: 21px; font-style: normal; font-weight: bold;\">B\u00e1nki Zsolt Ev.<\/span>&nbsp;egy m\u00e9rs\u00e9kelt \u00f6sszeget sz\u00e1m\u00edthat fel az adatok biztos\u00edt\u00e1s\u00e1ra, \u00e9s tov\u00e1bbi id\u0151re lehet sz\u00fcks\u00e9g az adatok biztos\u00edt\u00e1s\u00e1hoz.<\/p>\n<p>Tov\u00e1bb\u00e1 a&nbsp;<span style=\"font-variant-ligatures: normal; font-variant-caps: normal; font-family: Roboto, sans-serif; font-size: 21px; font-style: normal; font-weight: bold;\">B\u00e1nki Zsolt Ev.<\/span>&nbsp; k\u00e9ri a szem\u00e9lyazonoss\u00e1g bizony\u00edt\u00e1s\u00e1t az adatok kiad\u00e1sa el\u0151tt, megel\u0151zend\u0151 a vissza\u00e9l\u00e9sszer\u0171 haszn\u00e1latot. A szem\u00e9lyes adatok kik\u00e9r\u00e9s\u00e9hez&nbsp;<span style=\"font-family: Roboto, sans-serif; font-size: 21px; font-style: normal; font-variant-ligatures: normal; font-variant-caps: normal; font-weight: 400;\">k\u00e9rj\u00fck l\u00e9pjen kapcsolatba a szolg\u00e1ltat\u00f3val.<\/span><\/p>\n<p><\/p>\n<p>b, Szem\u00e9lyes adatok m\u00f3dos\u00edt\u00e1sa<\/p>\n<p>Amennyiben a szem\u00e9lyes adatok m\u00f3dosultak, vagy t\u00e9vesen lettek megadva, a felhaszn\u00e1l\u00f3knak joga van az adatok m\u00f3dos\u00edt\u00e1s\u00e1t k\u00e9rni. A szem\u00e9lyes adatok m\u00f3dos\u00edt\u00e1s\u00e1hoz&nbsp;<span style=\"font-family: Roboto, sans-serif; font-size: 21px; font-style: normal; font-variant-ligatures: normal; font-variant-caps: normal; font-weight: 400;\">k\u00e9rj\u00fck l\u00e9pjen kapcsolatba a szolg\u00e1ltat\u00f3val.<\/span><\/p>\n<p>c, Szem\u00e9lyes adatok t\u00f6rl\u00e9s\u00e9nek k\u00e9r\u00e9se<\/p>\n<p>A felhaszn\u00e1l\u00f3knak joga van az \u00f6sszes szem\u00e9lyes adatuk t\u00f6rl\u00e9s\u00e9t k\u00e9rni. A k\u00e9r\u00e9st ingyenesen teljes\u00edtj\u00fck a k\u00e9r\u00e9st k\u00f6vet\u0151 14 napon bel\u00fcl. A szem\u00e9lyes adatok t\u00f6rl\u00e9se ut\u00e1n a felhaszn\u00e1l\u00f3i fi\u00f3k nem lesz el\u00e9rhet\u0151, \u00edgy az esetleg megv\u00e1s\u00e1rolt anyagok is el\u00e9rhetetlenn\u00e9 v\u00e1lnak, mivel a felhaszn\u00e1l\u00f3i fi\u00f3khoz kapcsol\u00f3d\u00f3 szem\u00e9lyes adatok elengedhetetlen\u00fcl sz\u00fcks\u00e9gesek a szolg\u00e1ltat\u00e1s el\u00e9r\u00e9s\u00e9hez.<\/p>\n<p>A <span style=\"font-family: Roboto, sans-serif; font-size: 21px; font-style: normal; font-variant-ligatures: normal; font-variant-caps: normal; font-weight: bold;\">B\u00e1nki Zsolt Ev.<\/span><b style=\"font-size: 21px;\">&nbsp;<\/b><span style=\"font-size: 21px;\"> k\u00e9ri a szem\u00e9lyazonoss\u00e1g bizony\u00edt\u00e1s\u00e1t a szem\u00e9lyes adatok t\u00f6rl\u00e9se el\u0151tt, megel\u0151zend\u0151 a vissza\u00e9l\u00e9sszer\u0171 haszn\u00e1latot. A szem\u00e9lyes adatok t\u00f6rl\u00e9s\u00e9hez&nbsp;<\/span><span style=\"font-family: Roboto, sans-serif; font-size: 21px; font-style: normal; font-variant-ligatures: normal; font-variant-caps: normal; font-weight: 400;\">k\u00e9rj\u00fck l\u00e9pjen kapcsolatba a szolg\u00e1ltat\u00f3val.<\/span><\/p>\n<p>d, A szem\u00e9lyes adatok feldolgoz\u00e1s\u00e1nak korl\u00e1toz\u00e1s\u00e1nak k\u00e9r\u00e9se<\/p>\n<p>A felhaszn\u00e1l\u00f3knak joga van k\u00e9r\u00e9sben korl\u00e1tozni az adataik rendelkez\u00e9s\u00e9re bocs\u00e1t\u00e1s\u00e1t harmadik felek (szolg\u00e1ltat\u00f3 partnerek) sz\u00e1m\u00e1ra. A k\u00e9r\u00e9s beny\u00fajt\u00e1sa sor\u00e1n megnevezhet\u0151ek a korl\u00e1tozni k\u00edv\u00e1nt szolg\u00e1ltat\u00f3 partnerek is.<\/p>\n<p>A&nbsp;<span style=\"font-variant-ligatures: normal; font-variant-caps: normal; font-family: Roboto, sans-serif; font-size: 21px; font-style: normal; font-weight: bold;\">B\u00e1nki Zsolt Ev.<\/span>&nbsp;k\u00e9ri a szem\u00e9lyazonoss\u00e1g bizony\u00edt\u00e1s\u00e1t a szem\u00e9lyes adatok \u00e1tad\u00e1s\u00e1nak korl\u00e1toz\u00e1sa el\u0151tt, megel\u0151zend\u0151 a vissza\u00e9l\u00e9sszer\u0171 haszn\u00e1latot. A szem\u00e9lyes adatok \u00e1tad\u00e1s\u00e1nak korl\u00e1toz\u00e1s\u00e1hoz k\u00e9rj\u00fck l\u00e9pjen kapcsolatba a szolg\u00e1ltat\u00f3val.<\/p>\n<p>Magyarorsz\u00e1gon az adatv\u00e9delemmel foglalkoz\u00f3 hivatalos szerv a Nemzeti Adatv\u00e9delmi \u00e9s Inform\u00e1ci\u00f3szabads\u00e1g Hat\u00f3s\u00e1g (NAIH). A felhaszn\u00e1l\u00f3k az adatv\u00e9delemmel kapcsolatos jogaikr\u00f3l a NAIH honlapj\u00e1n t\u00e1j\u00e9koz\u00f3dhatnak b\u0151vebben.<\/p>\n<p>Nemzeti Adatv\u00e9delmi \u00e9s Inform\u00e1ci\u00f3szabads\u00e1g Hat\u00f3s\u00e1g,<br>1125 Budapest, Szil\u00e1gyi Erzs\u00e9bet fasor 22\/C., Levelez\u00e9si c\u00edm: 1530 Budapest, Pf.: 5.,<br>Telefon: 06.1.391.1400,<br>Fax: 06.1.391.1410,<br>E-mail: ugyfelszolgalat@naih.hu<br>Honlap: http:\/\/www.naih.hu<\/p>\t\t\t\t\t\t<\/div>\n\t\t\t\t<\/div>\n\t\t\t\t\t<\/div>\n\t\t<\/div>\n\t\t\t\t\t<\/div>\n\t\t<\/section>\n\t\t\t\t<\/div>\n\t\t","protected":false},"excerpt":{"rendered":"<p>ADATV\u00c9DELMI NYILATKOZAT 1, BEVEZET\u0150 Sz\u00e1munkra nagyon fontos, hogy betartsuk az aktu\u00e1lisan \u00e9rv\u00e9nyes adatv\u00e9delmi szab\u00e1lyoz\u00e1st \u00e9s t\u00f6rv\u00e9nyeket, \u00edgy az al\u00e1bbiakban r\u00e9szletesen t\u00e1rgyaljuk\/bemutatjuk a&nbsp;https:\/\/konyhaszerel\u00e9s.hu\/&nbsp;\u00e9s B\u00e1nki Zsolt Ev.&nbsp; adatv\u00e9delemre ir\u00e1nyul\u00f3 l\u00e9p\u00e9seit, \u00e9s az adatgy\u0171jt\u00e9ssel kapcsolatos folyamatait. Kapcsolati adatok: Teljes jogi n\u00e9v: B\u00e1nki Zsolt E-mail c\u00edm: banki.zsolt42@gmail.com Postai c\u00edm: 1054 Budapest Bank utca 5. f\u00e9l emelet 1 2, MILYEN [&hellip;]<\/p>\n","protected":false},"author":1,"featured_media":0,"parent":0,"menu_order":0,"comment_status":"closed","ping_status":"closed","template":"elementor_header_footer","meta":{"footnotes":""},"class_list":["post-532","page","type-page","status-publish","hentry","entry"],"_links":{"self":[{"href":"https:\/\/xn--konyhaszerels-mhb.hu\/index.php?rest_route=\/wp\/v2\/pages\/532","targetHints":{"allow":["GET"]}}],"collection":[{"href":"https:\/\/xn--konyhaszerels-mhb.hu\/index.php?rest_route=\/wp\/v2\/pages"}],"about":[{"href":"https:\/\/xn--konyhaszerels-mhb.hu\/index.php?rest_route=\/wp\/v2\/types\/page"}],"author":[{"embeddable":true,"href":"https:\/\/xn--konyhaszerels-mhb.hu\/index.php?rest_route=\/wp\/v2\/users\/1"}],"replies":[{"embeddable":true,"href":"https:\/\/xn--konyhaszerels-mhb.hu\/index.php?rest_route=%2Fwp%2Fv2%2Fcomments&post=532"}],"version-history":[{"count":12,"href":"https:\/\/xn--konyhaszerels-mhb.hu\/index.php?rest_route=\/wp\/v2\/pages\/532\/revisions"}],"predecessor-version":[{"id":678,"href":"https:\/\/xn--konyhaszerels-mhb.hu\/index.php?rest_route=\/wp\/v2\/pages\/532\/revisions\/678"}],"wp:attachment":[{"href":"https:\/\/xn--konyhaszerels-mhb.hu\/index.php?rest_route=%2Fwp%2Fv2%2Fmedia&parent=532"}],"curies":[{"name":"wp","href":"https:\/\/api.w.org\/{rel}","templated":true}]}}