{"id":534,"date":"2020-07-07T19:54:42","date_gmt":"2020-07-07T19:54:42","guid":{"rendered":"https:\/\/xn--konyhaszerels-mhb.hu\/?page_id=534"},"modified":"2020-10-13T14:53:14","modified_gmt":"2020-10-13T14:53:14","slug":"aszf","status":"publish","type":"page","link":"https:\/\/xn--konyhaszerels-mhb.hu\/?page_id=534","title":{"rendered":"\u00c1ltal\u00e1nos szerz\u0151d\u00e9si felt\u00e9telek"},"content":{"rendered":"\t\t<div data-elementor-type=\"wp-page\" data-elementor-id=\"534\" class=\"elementor elementor-534\" data-elementor-post-type=\"page\">\n\t\t\t\t\t\t<section class=\"elementor-section elementor-top-section elementor-element elementor-element-fbf6024 elementor-section-boxed elementor-section-height-default elementor-section-height-default\" data-id=\"fbf6024\" data-element_type=\"section\">\n\t\t\t\t\t\t<div class=\"elementor-container elementor-column-gap-default\">\n\t\t\t\t\t<div class=\"elementor-column elementor-col-100 elementor-top-column elementor-element elementor-element-e7390c1\" data-id=\"e7390c1\" data-element_type=\"column\">\n\t\t\t<div class=\"elementor-widget-wrap elementor-element-populated\">\n\t\t\t\t\t\t<div class=\"elementor-element elementor-element-b20bef5 elementor-widget elementor-widget-heading\" data-id=\"b20bef5\" data-element_type=\"widget\" data-widget_type=\"heading.default\">\n\t\t\t\t<div class=\"elementor-widget-container\">\n\t\t\t<h2 class=\"elementor-heading-title elementor-size-default\">\u00c1ltal\u00e1nos Szerz\u0151d\u00e9si Felt\u00e9telek<\/h2>\t\t<\/div>\n\t\t\t\t<\/div>\n\t\t\t\t\t<\/div>\n\t\t<\/div>\n\t\t\t\t\t<\/div>\n\t\t<\/section>\n\t\t\t\t<section class=\"elementor-section elementor-top-section elementor-element elementor-element-782e778 elementor-section-boxed elementor-section-height-default elementor-section-height-default\" data-id=\"782e778\" data-element_type=\"section\">\n\t\t\t\t\t\t<div class=\"elementor-container elementor-column-gap-default\">\n\t\t\t\t\t<div class=\"elementor-column elementor-col-50 elementor-top-column elementor-element elementor-element-edf7206\" data-id=\"edf7206\" data-element_type=\"column\" data-settings=\"{&quot;background_background&quot;:&quot;classic&quot;}\">\n\t\t\t<div class=\"elementor-widget-wrap elementor-element-populated\">\n\t\t\t\t\t\t<div class=\"elementor-element elementor-element-a4437c6 elementor-widget elementor-widget-image-box\" data-id=\"a4437c6\" data-element_type=\"widget\" data-widget_type=\"image-box.default\">\n\t\t\t\t<div class=\"elementor-widget-container\">\n\t\t\t<div class=\"elementor-image-box-wrapper\"><div class=\"elementor-image-box-content\"><h3 class=\"elementor-image-box-title\">Aj\u00e1nlatk\u00e9r\u00e9s<\/h3><p class=\"elementor-image-box-description\">Aj\u00e1nlatot email c\u00edmre (banki.zsolt42@gmail.com) k\u00fcld\u00f6tt munkav\u00e9gz\u00e9s helysz\u00edne, konyhai l\u00e1tv\u00e1nyterv, illetve b\u00fatorlista megad\u00e1s\u00e1val tudunk adni. Szoba-, \u00e9s irodab\u00fatorn\u00e1l a b\u00fator \u00e9rt\u00e9k\u00e9vel sz\u00e1moljuk a szerel\u00e9si d\u00edjat, ez\u00e9rt annak megad\u00e1sa is sz\u00fcks\u00e9ges.<br>\u00c1raj\u00e1nlatunkat az elk\u00fcld\u00f6tt tervre adjuk, ha ett\u0151l elt\u00e9r\u0151 tervet kell megval\u00f3s\u00edtsunk, akkor a munkad\u00edj v\u00e1ltozhat.<\/p><\/div><\/div>\t\t<\/div>\n\t\t\t\t<\/div>\n\t\t\t\t\t<\/div>\n\t\t<\/div>\n\t\t\t\t<div class=\"elementor-column elementor-col-50 elementor-top-column elementor-element elementor-element-05015d1\" data-id=\"05015d1\" data-element_type=\"column\" data-settings=\"{&quot;background_background&quot;:&quot;classic&quot;}\">\n\t\t\t<div class=\"elementor-widget-wrap elementor-element-populated\">\n\t\t\t\t\t\t<div class=\"elementor-element elementor-element-6f33cc4 elementor-widget elementor-widget-image-box\" data-id=\"6f33cc4\" data-element_type=\"widget\" data-widget_type=\"image-box.default\">\n\t\t\t\t<div class=\"elementor-widget-container\">\n\t\t\t<div class=\"elementor-image-box-wrapper\"><div class=\"elementor-image-box-content\"><h3 class=\"elementor-image-box-title\">Felm\u00e9r\u00e9s<\/h3><p class=\"elementor-image-box-description\">Felm\u00e9r\u00e9skor felvett m\u00e9retekre abban az esetben v\u00e1llaljuk a felel\u0151ss\u00e9get, ha a helysz\u00ednen ut\u00f3lagosan nem t\u00f6rt\u00e9nik m\u00f3dos\u00edt\u00e1s (pl.: csempe, gipszkarton fal felrak\u00e1sa).<\/p><\/div><\/div>\t\t<\/div>\n\t\t\t\t<\/div>\n\t\t\t\t\t<\/div>\n\t\t<\/div>\n\t\t\t\t\t<\/div>\n\t\t<\/section>\n\t\t\t\t<section class=\"elementor-section elementor-top-section elementor-element elementor-element-c7c2cdf elementor-section-boxed elementor-section-height-default elementor-section-height-default\" data-id=\"c7c2cdf\" data-element_type=\"section\">\n\t\t\t\t\t\t<div class=\"elementor-container elementor-column-gap-default\">\n\t\t\t\t\t<div class=\"elementor-column elementor-col-50 elementor-top-column elementor-element elementor-element-d7a7435\" data-id=\"d7a7435\" data-element_type=\"column\" data-settings=\"{&quot;background_background&quot;:&quot;classic&quot;}\">\n\t\t\t<div class=\"elementor-widget-wrap elementor-element-populated\">\n\t\t\t\t\t\t<div class=\"elementor-element elementor-element-4213cba elementor-widget elementor-widget-image-box\" data-id=\"4213cba\" data-element_type=\"widget\" data-widget_type=\"image-box.default\">\n\t\t\t\t<div class=\"elementor-widget-container\">\n\t\t\t<div class=\"elementor-image-box-wrapper\"><div class=\"elementor-image-box-content\"><h3 class=\"elementor-image-box-title\">K\u00e1rok keletkez\u00e9se<\/h3><p class=\"elementor-image-box-description\">Falban fut\u00f3 cs\u00f6vek, vezet\u00e9kek megf\u00far\u00e1s\u00e1b\u00f3l ered\u0151 k\u00e1rok\u00e9rt csak akkor v\u00e1llalunk felel\u0151ss\u00e9get, ha pontos t\u00e1j\u00e9koztat\u00e1st kaptunk azok elhelyezked\u00e9s\u00e9r\u0151l. Ha a v\u00edz a lak\u00e1son bel\u00fcl nem z\u00e1rhat\u00f3 el, a v\u00edzcs\u0151 esetleges megf\u00far\u00e1s\u00e1b\u00f3l ered\u0151 k\u00e1rok\u00e9rt semmilyen esetben nem v\u00e1llalunk felel\u0151ss\u00e9get!<br> Munk\u00e1nk sor\u00e1n az esetlegesen \u00e1ltalunk okozott k\u00e1rokat szakipari m\u00f3dszerekkel kijav\u00edtjuk, ha ez nem lehets\u00e9ges, a s\u00e9r\u00fclt elemet kicser\u00e9lj\u00fck.<\/p><\/div><\/div>\t\t<\/div>\n\t\t\t\t<\/div>\n\t\t\t\t\t<\/div>\n\t\t<\/div>\n\t\t\t\t<div class=\"elementor-column elementor-col-50 elementor-top-column elementor-element elementor-element-a0ecadf\" data-id=\"a0ecadf\" data-element_type=\"column\" data-settings=\"{&quot;background_background&quot;:&quot;classic&quot;}\">\n\t\t\t<div class=\"elementor-widget-wrap elementor-element-populated\">\n\t\t\t\t\t\t<div class=\"elementor-element elementor-element-7a5dc23 elementor-widget elementor-widget-image-box\" data-id=\"7a5dc23\" data-element_type=\"widget\" data-widget_type=\"image-box.default\">\n\t\t\t\t<div class=\"elementor-widget-container\">\n\t\t\t<div class=\"elementor-image-box-wrapper\"><div class=\"elementor-image-box-content\"><h3 class=\"elementor-image-box-title\">Helysz\u00edni beszerel\u00e9s, elsz\u00e1mol\u00e1s<\/h3><p class=\"elementor-image-box-description\">A b\u00fator \u00f6sszeszerel\u00e9se el\u0151re egyeztetett id\u0151pontban t\u00f6rt\u00e9nik. A munkad\u00edjat az \u00e1tad\u00e1skor kell rendezni. Ha a munk\u00e1t \u00f6nhib\u00e1nkon k\u00edv\u0171l nem tudjuk befejezni (pl.: s\u00e9r\u00fclt vagy hi\u00e1nyz\u00f3 term\u00e9k), akkor az aktu\u00e1lisan elv\u00e9gzett munka d\u00edj\u00e1t kell kifizetni.<\/p><\/div><\/div>\t\t<\/div>\n\t\t\t\t<\/div>\n\t\t\t\t\t<\/div>\n\t\t<\/div>\n\t\t\t\t\t<\/div>\n\t\t<\/section>\n\t\t\t\t<section class=\"elementor-section elementor-top-section elementor-element elementor-element-7deb387 elementor-section-boxed elementor-section-height-default elementor-section-height-default\" data-id=\"7deb387\" data-element_type=\"section\">\n\t\t\t\t\t\t<div class=\"elementor-container elementor-column-gap-default\">\n\t\t\t\t\t<div class=\"elementor-column elementor-col-50 elementor-top-column elementor-element elementor-element-264d215\" data-id=\"264d215\" data-element_type=\"column\" data-settings=\"{&quot;background_background&quot;:&quot;classic&quot;}\">\n\t\t\t<div class=\"elementor-widget-wrap elementor-element-populated\">\n\t\t\t\t\t\t<div class=\"elementor-element elementor-element-f8f2674 elementor-widget elementor-widget-image-box\" data-id=\"f8f2674\" data-element_type=\"widget\" data-widget_type=\"image-box.default\">\n\t\t\t\t<div class=\"elementor-widget-container\">\n\t\t\t<div class=\"elementor-image-box-wrapper\"><div class=\"elementor-image-box-content\"><h3 class=\"elementor-image-box-title\">\u00c1tad\u00e1s<\/h3><p class=\"elementor-image-box-description\"><span style=\"font-family: &quot;Varela Round&quot;, sans-serif; font-size: 14px; font-style: normal; font-variant-ligatures: normal; font-variant-caps: normal; font-weight: 400;\">Az \u00f6sszeszerelt b\u00fator \u00e1tad\u00e1sa minden esetben a munka k\u00f6z\u00f6s \u00e1tn\u00e9z\u00e9s\u00e9vel t\u00f6rt\u00e9nik. Reklam\u00e1ci\u00f3t ezt k\u00f6vet\u0151en csak olyan hib\u00e1k eset\u00e9n fogadunk el, amik akkor nem voltak l\u00e1that\u00f3k vagy a konyha rendeltet\u00e9sszer\u0171 haszn\u00e1lata sor\u00e1n mer\u00fcltek fel.<\/span><span style=\"font-family: &quot;Varela Round&quot;, sans-serif; font-size: 14px; font-style: normal; font-variant-ligatures: normal; font-variant-caps: normal; font-weight: 400;\"><\/span><\/p><\/div><\/div>\t\t<\/div>\n\t\t\t\t<\/div>\n\t\t\t\t\t<\/div>\n\t\t<\/div>\n\t\t\t\t<div class=\"elementor-column elementor-col-50 elementor-top-column elementor-element elementor-element-cd8bc22\" data-id=\"cd8bc22\" data-element_type=\"column\" data-settings=\"{&quot;background_background&quot;:&quot;classic&quot;}\">\n\t\t\t<div class=\"elementor-widget-wrap elementor-element-populated\">\n\t\t\t\t\t\t<div class=\"elementor-element elementor-element-7a23449 elementor-widget elementor-widget-image-box\" data-id=\"7a23449\" data-element_type=\"widget\" data-widget_type=\"image-box.default\">\n\t\t\t\t<div class=\"elementor-widget-container\">\n\t\t\t<div class=\"elementor-image-box-wrapper\"><div class=\"elementor-image-box-content\"><h3 class=\"elementor-image-box-title\">Garancia<\/h3><p class=\"elementor-image-box-description\"><span style=\"font-family: &quot;Varela Round&quot;, sans-serif; font-size: 14px; font-style: normal; font-variant-ligatures: normal; font-variant-caps: normal; font-weight: 400;\">A szerel\u00e9sre 1 \u00e9v garanci\u00e1t biztos\u00edtunk.<\/span><span style=\"font-family: &quot;Varela Round&quot;, sans-serif; font-size: 14px; font-style: normal; font-variant-ligatures: normal; font-variant-caps: normal; font-weight: 400;\"><\/span><\/p><\/div><\/div>\t\t<\/div>\n\t\t\t\t<\/div>\n\t\t\t\t\t<\/div>\n\t\t<\/div>\n\t\t\t\t\t<\/div>\n\t\t<\/section>\n\t\t\t\t<\/div>\n\t\t","protected":false},"excerpt":{"rendered":"<p>\u00c1ltal\u00e1nos Szerz\u0151d\u00e9si Felt\u00e9telek Aj\u00e1nlatk\u00e9r\u00e9s Aj\u00e1nlatot email c\u00edmre (banki.zsolt42@gmail.com) k\u00fcld\u00f6tt munkav\u00e9gz\u00e9s helysz\u00edne, konyhai l\u00e1tv\u00e1nyterv, illetve b\u00fatorlista megad\u00e1s\u00e1val tudunk adni. Szoba-, \u00e9s irodab\u00fatorn\u00e1l a b\u00fator \u00e9rt\u00e9k\u00e9vel sz\u00e1moljuk a szerel\u00e9si d\u00edjat, ez\u00e9rt annak megad\u00e1sa is sz\u00fcks\u00e9ges.\u00c1raj\u00e1nlatunkat az elk\u00fcld\u00f6tt tervre adjuk, ha ett\u0151l elt\u00e9r\u0151 tervet kell megval\u00f3s\u00edtsunk, akkor a munkad\u00edj v\u00e1ltozhat. Felm\u00e9r\u00e9s Felm\u00e9r\u00e9skor felvett m\u00e9retekre abban az esetben v\u00e1llaljuk [&hellip;]<\/p>\n","protected":false},"author":1,"featured_media":0,"parent":0,"menu_order":0,"comment_status":"closed","ping_status":"closed","template":"elementor_header_footer","meta":{"footnotes":""},"class_list":["post-534","page","type-page","status-publish","hentry","entry"],"_links":{"self":[{"href":"https:\/\/xn--konyhaszerels-mhb.hu\/index.php?rest_route=\/wp\/v2\/pages\/534","targetHints":{"allow":["GET"]}}],"collection":[{"href":"https:\/\/xn--konyhaszerels-mhb.hu\/index.php?rest_route=\/wp\/v2\/pages"}],"about":[{"href":"https:\/\/xn--konyhaszerels-mhb.hu\/index.php?rest_route=\/wp\/v2\/types\/page"}],"author":[{"embeddable":true,"href":"https:\/\/xn--konyhaszerels-mhb.hu\/index.php?rest_route=\/wp\/v2\/users\/1"}],"replies":[{"embeddable":true,"href":"https:\/\/xn--konyhaszerels-mhb.hu\/index.php?rest_route=%2Fwp%2Fv2%2Fcomments&post=534"}],"version-history":[{"count":44,"href":"https:\/\/xn--konyhaszerels-mhb.hu\/index.php?rest_route=\/wp\/v2\/pages\/534\/revisions"}],"predecessor-version":[{"id":712,"href":"https:\/\/xn--konyhaszerels-mhb.hu\/index.php?rest_route=\/wp\/v2\/pages\/534\/revisions\/712"}],"wp:attachment":[{"href":"https:\/\/xn--konyhaszerels-mhb.hu\/index.php?rest_route=%2Fwp%2Fv2%2Fmedia&parent=534"}],"curies":[{"name":"wp","href":"https:\/\/api.w.org\/{rel}","templated":true}]}}