{"id":837,"date":"2022-03-07T18:09:57","date_gmt":"2022-03-07T18:09:57","guid":{"rendered":"https:\/\/xn--konyhaszerels-mhb.hu\/?page_id=837"},"modified":"2022-09-08T20:36:03","modified_gmt":"2022-09-08T20:36:03","slug":"vilagitas-2","status":"publish","type":"page","link":"https:\/\/xn--konyhaszerels-mhb.hu\/?page_id=837","title":{"rendered":"Vil\u00e1g\u00edt\u00e1s"},"content":{"rendered":"\t\t<div data-elementor-type=\"wp-page\" data-elementor-id=\"837\" class=\"elementor elementor-837\" data-elementor-post-type=\"page\">\n\t\t\t\t\t\t<section class=\"elementor-section elementor-top-section elementor-element elementor-element-d63fffc elementor-section-boxed elementor-section-height-default elementor-section-height-default\" data-id=\"d63fffc\" data-element_type=\"section\" data-settings=\"{&quot;background_background&quot;:&quot;gradient&quot;}\">\n\t\t\t\t\t\t<div class=\"elementor-container elementor-column-gap-default\">\n\t\t\t\t\t<div class=\"elementor-column elementor-col-50 elementor-top-column elementor-element elementor-element-a46acef\" data-id=\"a46acef\" data-element_type=\"column\">\n\t\t\t<div class=\"elementor-widget-wrap elementor-element-populated\">\n\t\t\t\t\t\t<div class=\"elementor-element elementor-element-5c798b4 elementor-widget elementor-widget-text-editor\" data-id=\"5c798b4\" data-element_type=\"widget\" data-widget_type=\"text-editor.default\">\n\t\t\t\t<div class=\"elementor-widget-container\">\n\t\t\t\t\t\t\t<p>Szerel\u00e9si szolg\u00e1ltat\u00e1s mellett Ledes vil\u00e1g\u00edt\u00e1ssal is elkezdtem foglalkozni.<\/p>\n<p>Kifejezetten olyan ledes munkalap vil\u00e1g\u00edt\u00e1st \u00e1ll\u00edtottam \u00f6ssze, amely ugyanolyan param\u00e9terekkel rendelkezik mint az Ikea-s konyhai led, csak mindent egybesz\u00e1molva olcs\u00f3bban j\u00f6n ki.<\/p>\t\t\t\t\t\t<\/div>\n\t\t\t\t<\/div>\n\t\t\t\t\t<\/div>\n\t\t<\/div>\n\t\t\t\t<div class=\"elementor-column elementor-col-50 elementor-top-column elementor-element elementor-element-7910ab0\" data-id=\"7910ab0\" data-element_type=\"column\">\n\t\t\t<div class=\"elementor-widget-wrap elementor-element-populated\">\n\t\t\t\t\t\t<div class=\"elementor-element elementor-element-03bf76e elementor-widget elementor-widget-image\" data-id=\"03bf76e\" data-element_type=\"widget\" data-widget_type=\"image.default\">\n\t\t\t\t<div class=\"elementor-widget-container\">\n\t\t\t\t\t\t\t\t\t\t\t\t\t<img fetchpriority=\"high\" decoding=\"async\" width=\"1920\" height=\"2560\" src=\"https:\/\/xn--konyhaszerels-mhb.hu\/wp-content\/uploads\/2022\/03\/IMG_1676-scaled.jpg\" class=\"attachment-full size-full wp-image-922\" alt=\"\" srcset=\"https:\/\/xn--konyhaszerels-mhb.hu\/wp-content\/uploads\/2022\/03\/IMG_1676-scaled.jpg 1920w, https:\/\/xn--konyhaszerels-mhb.hu\/wp-content\/uploads\/2022\/03\/IMG_1676-225x300.jpg 225w, https:\/\/xn--konyhaszerels-mhb.hu\/wp-content\/uploads\/2022\/03\/IMG_1676-768x1024.jpg 768w, https:\/\/xn--konyhaszerels-mhb.hu\/wp-content\/uploads\/2022\/03\/IMG_1676-1152x1536.jpg 1152w, https:\/\/xn--konyhaszerels-mhb.hu\/wp-content\/uploads\/2022\/03\/IMG_1676-1536x2048.jpg 1536w\" sizes=\"(max-width: 1920px) 100vw, 1920px\" \/>\t\t\t\t\t\t\t\t\t\t\t\t\t<\/div>\n\t\t\t\t<\/div>\n\t\t\t\t\t<\/div>\n\t\t<\/div>\n\t\t\t\t\t<\/div>\n\t\t<\/section>\n\t\t\t\t<section class=\"elementor-section elementor-top-section elementor-element elementor-element-2108a18 elementor-section-boxed elementor-section-height-default elementor-section-height-default\" data-id=\"2108a18\" data-element_type=\"section\">\n\t\t\t\t\t\t<div class=\"elementor-container elementor-column-gap-default\">\n\t\t\t\t\t<div class=\"elementor-column elementor-col-100 elementor-top-column elementor-element elementor-element-4115906\" data-id=\"4115906\" data-element_type=\"column\">\n\t\t\t<div class=\"elementor-widget-wrap elementor-element-populated\">\n\t\t\t\t\t\t<section class=\"elementor-section elementor-inner-section elementor-element elementor-element-6d20ac2 elementor-section-boxed elementor-section-height-default elementor-section-height-default\" data-id=\"6d20ac2\" data-element_type=\"section\">\n\t\t\t\t\t\t<div class=\"elementor-container elementor-column-gap-default\">\n\t\t\t\t\t<div class=\"elementor-column elementor-col-100 elementor-inner-column elementor-element elementor-element-b85b9d3\" data-id=\"b85b9d3\" data-element_type=\"column\">\n\t\t\t<div class=\"elementor-widget-wrap elementor-element-populated\">\n\t\t\t\t\t\t<div class=\"elementor-element elementor-element-f0aeb54 elementor-widget elementor-widget-text-editor\" data-id=\"f0aeb54\" data-element_type=\"widget\" data-widget_type=\"text-editor.default\">\n\t\t\t\t<div class=\"elementor-widget-container\">\n\t\t\t\t\t\t\t<p>Param\u00e9terek:<\/p><ul><li>Feh\u00e9r profilban op\u00e1los fed\u0151vel.<\/li><li>2700 Kelvin &#8211; melegf\u00e9ny\u0171 feh\u00e9r\u00a0<\/li><li>1200 Lumen f\u00e9ny\u00e1ram<\/li><li>T\u00e1vir\u00e1ny\u00edt\u00f3 amellyel lehet \u00e1ll\u00edtani a f\u00e9nyerej\u00e9t<\/li><\/ul>\t\t\t\t\t\t<\/div>\n\t\t\t\t<\/div>\n\t\t\t\t\t<\/div>\n\t\t<\/div>\n\t\t\t\t\t<\/div>\n\t\t<\/section>\n\t\t\t\t<div class=\"elementor-element elementor-element-05ce397 elementor-widget elementor-widget-image\" data-id=\"05ce397\" data-element_type=\"widget\" data-widget_type=\"image.default\">\n\t\t\t\t<div class=\"elementor-widget-container\">\n\t\t\t\t\t\t\t\t\t\t\t\t\t<img decoding=\"async\" width=\"1977\" height=\"365\" src=\"https:\/\/xn--konyhaszerels-mhb.hu\/wp-content\/uploads\/2022\/08\/Screen-Shot-2022-08-29-at-8.44.28-PM.png\" class=\"attachment-full size-full wp-image-974\" alt=\"\" srcset=\"https:\/\/xn--konyhaszerels-mhb.hu\/wp-content\/uploads\/2022\/08\/Screen-Shot-2022-08-29-at-8.44.28-PM.png 1977w, https:\/\/xn--konyhaszerels-mhb.hu\/wp-content\/uploads\/2022\/08\/Screen-Shot-2022-08-29-at-8.44.28-PM-300x55.png 300w, https:\/\/xn--konyhaszerels-mhb.hu\/wp-content\/uploads\/2022\/08\/Screen-Shot-2022-08-29-at-8.44.28-PM-1024x189.png 1024w, https:\/\/xn--konyhaszerels-mhb.hu\/wp-content\/uploads\/2022\/08\/Screen-Shot-2022-08-29-at-8.44.28-PM-768x142.png 768w, https:\/\/xn--konyhaszerels-mhb.hu\/wp-content\/uploads\/2022\/08\/Screen-Shot-2022-08-29-at-8.44.28-PM-1536x284.png 1536w\" sizes=\"(max-width: 1977px) 100vw, 1977px\" \/>\t\t\t\t\t\t\t\t\t\t\t\t\t<\/div>\n\t\t\t\t<\/div>\n\t\t\t\t\t<\/div>\n\t\t<\/div>\n\t\t\t\t\t<\/div>\n\t\t<\/section>\n\t\t\t\t<section class=\"elementor-section elementor-top-section elementor-element elementor-element-73532c1 elementor-section-boxed elementor-section-height-default elementor-section-height-default\" data-id=\"73532c1\" data-element_type=\"section\">\n\t\t\t\t\t\t<div class=\"elementor-container elementor-column-gap-default\">\n\t\t\t\t\t<div class=\"elementor-column elementor-col-50 elementor-top-column elementor-element elementor-element-12b9c48\" data-id=\"12b9c48\" data-element_type=\"column\">\n\t\t\t<div class=\"elementor-widget-wrap elementor-element-populated\">\n\t\t\t\t\t\t<div class=\"elementor-element elementor-element-d91949d elementor-widget elementor-widget-text-editor\" data-id=\"d91949d\" data-element_type=\"widget\" data-widget_type=\"text-editor.default\">\n\t\t\t\t<div class=\"elementor-widget-container\">\n\t\t\t\t\t\t\t<p>2 f\u00e9le profil k\u00f6z\u00fcl lehet v\u00e1lasztani: (az op\u00e1los b\u00fara az mindegyikn\u00e9l alapb\u00f3l benne van.)<\/p><ul><li>Sima feh\u00e9r f\u00e9m profil<\/li><li>B\u00fatorba s\u00fcllyeszthet\u0151 profil<\/li><\/ul><p>\u00a0<\/p>\t\t\t\t\t\t<\/div>\n\t\t\t\t<\/div>\n\t\t\t\t\t<\/div>\n\t\t<\/div>\n\t\t\t\t<div class=\"elementor-column elementor-col-50 elementor-top-column elementor-element elementor-element-708841b\" data-id=\"708841b\" data-element_type=\"column\">\n\t\t\t<div class=\"elementor-widget-wrap elementor-element-populated\">\n\t\t\t\t\t\t<div class=\"elementor-element elementor-element-bfc8858 elementor-widget elementor-widget-image\" data-id=\"bfc8858\" data-element_type=\"widget\" data-widget_type=\"image.default\">\n\t\t\t\t<div class=\"elementor-widget-container\">\n\t\t\t\t\t\t\t\t\t\t\t\t\t<img decoding=\"async\" width=\"150\" height=\"150\" src=\"https:\/\/xn--konyhaszerels-mhb.hu\/wp-content\/uploads\/2022\/03\/led-profil-150x150.jpeg\" class=\"attachment-thumbnail size-thumbnail wp-image-915\" alt=\"\" srcset=\"https:\/\/xn--konyhaszerels-mhb.hu\/wp-content\/uploads\/2022\/03\/led-profil-150x150.jpeg 150w, https:\/\/xn--konyhaszerels-mhb.hu\/wp-content\/uploads\/2022\/03\/led-profil-300x300.jpeg 300w, https:\/\/xn--konyhaszerels-mhb.hu\/wp-content\/uploads\/2022\/03\/led-profil.jpeg 490w\" sizes=\"(max-width: 150px) 100vw, 150px\" \/>\t\t\t\t\t\t\t\t\t\t\t\t\t<\/div>\n\t\t\t\t<\/div>\n\t\t\t\t<div class=\"elementor-element elementor-element-ec79b44 elementor-widget elementor-widget-image\" data-id=\"ec79b44\" data-element_type=\"widget\" data-widget_type=\"image.default\">\n\t\t\t\t<div class=\"elementor-widget-container\">\n\t\t\t\t\t\t\t\t\t\t\t\t\t<img loading=\"lazy\" decoding=\"async\" width=\"272\" height=\"185\" src=\"https:\/\/xn--konyhaszerels-mhb.hu\/wp-content\/uploads\/2022\/03\/su\u0308llyesztett-profil.jpeg\" class=\"attachment-medium size-medium wp-image-920\" alt=\"\" \/>\t\t\t\t\t\t\t\t\t\t\t\t\t<\/div>\n\t\t\t\t<\/div>\n\t\t\t\t\t<\/div>\n\t\t<\/div>\n\t\t\t\t\t<\/div>\n\t\t<\/section>\n\t\t\t\t<section class=\"elementor-section elementor-top-section elementor-element elementor-element-5199f59 elementor-section-boxed elementor-section-height-default elementor-section-height-default\" data-id=\"5199f59\" data-element_type=\"section\">\n\t\t\t\t\t\t<div class=\"elementor-container elementor-column-gap-default\">\n\t\t\t\t\t<div class=\"elementor-column elementor-col-100 elementor-top-column elementor-element elementor-element-af811c4\" data-id=\"af811c4\" data-element_type=\"column\">\n\t\t\t<div class=\"elementor-widget-wrap elementor-element-populated\">\n\t\t\t\t\t\t<div class=\"elementor-element elementor-element-57d7a18 elementor-widget elementor-widget-image-box\" data-id=\"57d7a18\" data-element_type=\"widget\" data-widget_type=\"image-box.default\">\n\t\t\t\t<div class=\"elementor-widget-container\">\n\t\t\t<div class=\"elementor-image-box-wrapper\"><div class=\"elementor-image-box-content\"><p class=\"elementor-image-box-title\">\u00c1raj\u00e1nlat<\/p><p class=\"elementor-image-box-description\"><span style=\"color: rgb(89, 88, 88); font-family: Roboto, sans-serif; font-size: 17px; font-style: normal; font-variant-ligatures: normal; font-variant-caps: normal; font-weight: 400; white-space: normal;\">\u00c1rat egyedi sz\u00e1mol\u00e1s alapj\u00e1n tudok adni, egy b\u00fator l\u00e1tv\u00e1nyterv vagy le\u00edr\u00e1s alapj\u00e1n, hogy h\u00e1ny m\u00e9terre van sz\u00fcks\u00e9g, h\u00e1nyszor t\u00f6rik meg a led folytonoss\u00e1ga(pl elsz\u00edv\u00f3n\u00e1l, sarokszekr\u00e9nyn\u00e9l, t\u00f6bb k\u00fcl\u00f6n\u00e1ll\u00f3 fels\u0151 szekr\u00e9nysorn\u00e1l) \u00e9s hogy melyik profil fajt\u00e1t v\u00e1lasztja (a b\u00fatorba s\u00fcllyesztett dr\u00e1g\u00e1bb a b\u00fator kimar\u00e1sa miatt.<\/span><\/p><\/div><\/div>\t\t<\/div>\n\t\t\t\t<\/div>\n\t\t\t\t<div class=\"elementor-element elementor-element-1fd599f elementor-widget elementor-widget-image\" data-id=\"1fd599f\" data-element_type=\"widget\" data-widget_type=\"image.default\">\n\t\t\t\t<div class=\"elementor-widget-container\">\n\t\t\t\t\t\t\t\t\t\t\t\t\t<img loading=\"lazy\" decoding=\"async\" width=\"800\" height=\"450\" src=\"https:\/\/xn--konyhaszerels-mhb.hu\/wp-content\/uploads\/2022\/09\/IMG_20220614_113859-800x450.jpg\" class=\"attachment-ocean-thumb-ml size-ocean-thumb-ml wp-image-1166\" alt=\"\" \/>\t\t\t\t\t\t\t\t\t\t\t\t\t<\/div>\n\t\t\t\t<\/div>\n\t\t\t\t\t<\/div>\n\t\t<\/div>\n\t\t\t\t\t<\/div>\n\t\t<\/section>\n\t\t\t\t<\/div>\n\t\t","protected":false},"excerpt":{"rendered":"<p>Szerel\u00e9si szolg\u00e1ltat\u00e1s mellett Ledes vil\u00e1g\u00edt\u00e1ssal is elkezdtem foglalkozni. Kifejezetten olyan ledes munkalap vil\u00e1g\u00edt\u00e1st \u00e1ll\u00edtottam \u00f6ssze, amely ugyanolyan param\u00e9terekkel rendelkezik mint az Ikea-s konyhai led, csak mindent egybesz\u00e1molva olcs\u00f3bban j\u00f6n ki. Param\u00e9terek: Feh\u00e9r profilban op\u00e1los fed\u0151vel. 2700 Kelvin &#8211; melegf\u00e9ny\u0171 feh\u00e9r\u00a0 1200 Lumen f\u00e9ny\u00e1ram T\u00e1vir\u00e1ny\u00edt\u00f3 amellyel lehet \u00e1ll\u00edtani a f\u00e9nyerej\u00e9t 2 f\u00e9le profil k\u00f6z\u00fcl lehet v\u00e1lasztani: [&hellip;]<\/p>\n","protected":false},"author":1,"featured_media":0,"parent":0,"menu_order":0,"comment_status":"closed","ping_status":"closed","template":"","meta":{"footnotes":""},"class_list":["post-837","page","type-page","status-publish","hentry","entry"],"_links":{"self":[{"href":"https:\/\/xn--konyhaszerels-mhb.hu\/index.php?rest_route=\/wp\/v2\/pages\/837","targetHints":{"allow":["GET"]}}],"collection":[{"href":"https:\/\/xn--konyhaszerels-mhb.hu\/index.php?rest_route=\/wp\/v2\/pages"}],"about":[{"href":"https:\/\/xn--konyhaszerels-mhb.hu\/index.php?rest_route=\/wp\/v2\/types\/page"}],"author":[{"embeddable":true,"href":"https:\/\/xn--konyhaszerels-mhb.hu\/index.php?rest_route=\/wp\/v2\/users\/1"}],"replies":[{"embeddable":true,"href":"https:\/\/xn--konyhaszerels-mhb.hu\/index.php?rest_route=%2Fwp%2Fv2%2Fcomments&post=837"}],"version-history":[{"count":157,"href":"https:\/\/xn--konyhaszerels-mhb.hu\/index.php?rest_route=\/wp\/v2\/pages\/837\/revisions"}],"predecessor-version":[{"id":1269,"href":"https:\/\/xn--konyhaszerels-mhb.hu\/index.php?rest_route=\/wp\/v2\/pages\/837\/revisions\/1269"}],"wp:attachment":[{"href":"https:\/\/xn--konyhaszerels-mhb.hu\/index.php?rest_route=%2Fwp%2Fv2%2Fmedia&parent=837"}],"curies":[{"name":"wp","href":"https:\/\/api.w.org\/{rel}","templated":true}]}}